{"id":360,"date":"2021-03-08T09:51:53","date_gmt":"2021-03-08T08:51:53","guid":{"rendered":"https:\/\/www.touescabaneesdulac.com\/contact-acces\/"},"modified":"2024-02-05T11:05:54","modified_gmt":"2024-02-05T10:05:54","slug":"contact-access","status":"publish","type":"page","link":"https:\/\/www.touescabaneesdulac.com\/en\/contact-access\/","title":{"rendered":"Contact &#038; access"},"content":{"rendered":"","protected":false},"excerpt":{"rendered":"","protected":false},"author":1,"featured_media":0,"parent":0,"menu_order":0,"comment_status":"closed","ping_status":"closed","template":"page-contact.php","meta":{"_acf_changed":false,"footnotes":""},"class_list":["post-360","page","type-page","status-publish","hentry"],"acf":[],"yoast_head":"<!-- This site is optimized with the Yoast SEO plugin v27.4 - https:\/\/yoast.com\/product\/yoast-seo-wordpress\/ -->\n<title>Contacts and access | Les Toues Caban\u00e9es du lac<\/title>\n<meta name=\"description\" content=\"To contact us and access Les Toues Caban\u00e9es and the Serre-Pon\u00e7on lake, your home on the water just a stone&#039;s throw from Embrun and Gap.\" \/>\n<meta name=\"robots\" content=\"index, follow, max-snippet:-1, max-image-preview:large, max-video-preview:-1\" \/>\n<link rel=\"canonical\" href=\"https:\/\/www.touescabaneesdulac.com\/en\/contact-access\/\" \/>\n<meta property=\"og:locale\" content=\"en_US\" \/>\n<meta property=\"og:type\" content=\"article\" \/>\n<meta property=\"og:title\" content=\"Contacts and access | Les Toues Caban\u00e9es du lac\" \/>\n<meta property=\"og:description\" content=\"To contact us and access Les Toues Caban\u00e9es and the Serre-Pon\u00e7on lake, your home on the water just a stone&#039;s throw from Embrun and Gap.\" \/>\n<meta property=\"og:url\" content=\"https:\/\/www.touescabaneesdulac.com\/en\/contact-access\/\" \/>\n<meta property=\"og:site_name\" content=\"Les toues caban\u00e9es du lac\" \/>\n<meta property=\"article:publisher\" content=\"https:\/\/www.facebook.com\/lestouescabaneesdulac\" \/>\n<meta property=\"article:modified_time\" content=\"2024-02-05T10:05:54+00:00\" \/>\n<meta property=\"og:image\" content=\"https:\/\/www.touescabaneesdulac.com\/wp-content\/uploads\/2022\/03\/CMP-LESTOUES-08-2021-467-compressed-scaled.jpg\" \/>\n\t<meta property=\"og:image:width\" content=\"2560\" \/>\n\t<meta property=\"og:image:height\" content=\"1703\" \/>\n\t<meta property=\"og:image:type\" content=\"image\/jpeg\" \/>\n<meta name=\"twitter:card\" content=\"summary_large_image\" \/>\n<script type=\"application\/ld+json\" class=\"yoast-schema-graph\">{\"@context\":\"https:\\\/\\\/schema.org\",\"@graph\":[{\"@type\":\"WebPage\",\"@id\":\"https:\\\/\\\/www.touescabaneesdulac.com\\\/en\\\/contact-access\\\/\",\"url\":\"https:\\\/\\\/www.touescabaneesdulac.com\\\/en\\\/contact-access\\\/\",\"name\":\"Contacts and access | Les Toues Caban\u00e9es du lac\",\"isPartOf\":{\"@id\":\"https:\\\/\\\/www.touescabaneesdulac.com\\\/en\\\/#website\"},\"datePublished\":\"2021-03-08T08:51:53+00:00\",\"dateModified\":\"2024-02-05T10:05:54+00:00\",\"description\":\"To contact us and access Les Toues Caban\u00e9es and the Serre-Pon\u00e7on lake, your home on the water just a stone's throw from Embrun and Gap.\",\"breadcrumb\":{\"@id\":\"https:\\\/\\\/www.touescabaneesdulac.com\\\/en\\\/contact-access\\\/#breadcrumb\"},\"inLanguage\":\"en-US\",\"potentialAction\":[{\"@type\":\"ReadAction\",\"target\":[\"https:\\\/\\\/www.touescabaneesdulac.com\\\/en\\\/contact-access\\\/\"]}]},{\"@type\":\"BreadcrumbList\",\"@id\":\"https:\\\/\\\/www.touescabaneesdulac.com\\\/en\\\/contact-access\\\/#breadcrumb\",\"itemListElement\":[{\"@type\":\"ListItem\",\"position\":1,\"name\":\"Accueil\",\"item\":\"https:\\\/\\\/www.touescabaneesdulac.com\\\/en\\\/\"},{\"@type\":\"ListItem\",\"position\":2,\"name\":\"Contact &#038; access\"}]},{\"@type\":\"WebSite\",\"@id\":\"https:\\\/\\\/www.touescabaneesdulac.com\\\/en\\\/#website\",\"url\":\"https:\\\/\\\/www.touescabaneesdulac.com\\\/en\\\/\",\"name\":\"Les toues caban\u00e9es du lac\",\"description\":\"Vivez au Rythme du Lac de Serre Pon\u00e7on\",\"potentialAction\":[{\"@type\":\"SearchAction\",\"target\":{\"@type\":\"EntryPoint\",\"urlTemplate\":\"https:\\\/\\\/www.touescabaneesdulac.com\\\/en\\\/?s={search_term_string}\"},\"query-input\":{\"@type\":\"PropertyValueSpecification\",\"valueRequired\":true,\"valueName\":\"search_term_string\"}}],\"inLanguage\":\"en-US\"}]}<\/script>\n<!-- \/ Yoast SEO plugin. -->","yoast_head_json":{"title":"Contacts and access | Les Toues Caban\u00e9es du lac","description":"To contact us and access Les Toues Caban\u00e9es and the Serre-Pon\u00e7on lake, your home on the water just a stone's throw from Embrun and Gap.","robots":{"index":"index","follow":"follow","max-snippet":"max-snippet:-1","max-image-preview":"max-image-preview:large","max-video-preview":"max-video-preview:-1"},"canonical":"https:\/\/www.touescabaneesdulac.com\/en\/contact-access\/","og_locale":"en_US","og_type":"article","og_title":"Contacts and access | Les Toues Caban\u00e9es du lac","og_description":"To contact us and access Les Toues Caban\u00e9es and the Serre-Pon\u00e7on lake, your home on the water just a stone's throw from Embrun and Gap.","og_url":"https:\/\/www.touescabaneesdulac.com\/en\/contact-access\/","og_site_name":"Les toues caban\u00e9es du lac","article_publisher":"https:\/\/www.facebook.com\/lestouescabaneesdulac","article_modified_time":"2024-02-05T10:05:54+00:00","og_image":[{"width":2560,"height":1703,"url":"https:\/\/www.touescabaneesdulac.com\/wp-content\/uploads\/2022\/03\/CMP-LESTOUES-08-2021-467-compressed-scaled.jpg","type":"image\/jpeg"}],"twitter_card":"summary_large_image","schema":{"@context":"https:\/\/schema.org","@graph":[{"@type":"WebPage","@id":"https:\/\/www.touescabaneesdulac.com\/en\/contact-access\/","url":"https:\/\/www.touescabaneesdulac.com\/en\/contact-access\/","name":"Contacts and access | Les Toues Caban\u00e9es du lac","isPartOf":{"@id":"https:\/\/www.touescabaneesdulac.com\/en\/#website"},"datePublished":"2021-03-08T08:51:53+00:00","dateModified":"2024-02-05T10:05:54+00:00","description":"To contact us and access Les Toues Caban\u00e9es and the Serre-Pon\u00e7on lake, your home on the water just a stone's throw from Embrun and Gap.","breadcrumb":{"@id":"https:\/\/www.touescabaneesdulac.com\/en\/contact-access\/#breadcrumb"},"inLanguage":"en-US","potentialAction":[{"@type":"ReadAction","target":["https:\/\/www.touescabaneesdulac.com\/en\/contact-access\/"]}]},{"@type":"BreadcrumbList","@id":"https:\/\/www.touescabaneesdulac.com\/en\/contact-access\/#breadcrumb","itemListElement":[{"@type":"ListItem","position":1,"name":"Accueil","item":"https:\/\/www.touescabaneesdulac.com\/en\/"},{"@type":"ListItem","position":2,"name":"Contact &#038; access"}]},{"@type":"WebSite","@id":"https:\/\/www.touescabaneesdulac.com\/en\/#website","url":"https:\/\/www.touescabaneesdulac.com\/en\/","name":"Les toues caban\u00e9es du lac","description":"Vivez au Rythme du Lac de Serre Pon\u00e7on","potentialAction":[{"@type":"SearchAction","target":{"@type":"EntryPoint","urlTemplate":"https:\/\/www.touescabaneesdulac.com\/en\/?s={search_term_string}"},"query-input":{"@type":"PropertyValueSpecification","valueRequired":true,"valueName":"search_term_string"}}],"inLanguage":"en-US"}]}},"_links":{"self":[{"href":"https:\/\/www.touescabaneesdulac.com\/en\/wp-json\/wp\/v2\/pages\/360","targetHints":{"allow":["GET"]}}],"collection":[{"href":"https:\/\/www.touescabaneesdulac.com\/en\/wp-json\/wp\/v2\/pages"}],"about":[{"href":"https:\/\/www.touescabaneesdulac.com\/en\/wp-json\/wp\/v2\/types\/page"}],"author":[{"embeddable":true,"href":"https:\/\/www.touescabaneesdulac.com\/en\/wp-json\/wp\/v2\/users\/1"}],"replies":[{"embeddable":true,"href":"https:\/\/www.touescabaneesdulac.com\/en\/wp-json\/wp\/v2\/comments?post=360"}],"version-history":[{"count":9,"href":"https:\/\/www.touescabaneesdulac.com\/en\/wp-json\/wp\/v2\/pages\/360\/revisions"}],"predecessor-version":[{"id":577,"href":"https:\/\/www.touescabaneesdulac.com\/en\/wp-json\/wp\/v2\/pages\/360\/revisions\/577"}],"wp:attachment":[{"href":"https:\/\/www.touescabaneesdulac.com\/en\/wp-json\/wp\/v2\/media?parent=360"}],"curies":[{"name":"wp","href":"https:\/\/api.w.org\/{rel}","templated":true}]}}